{"id":54,"date":"2015-05-21T16:03:12","date_gmt":"2015-05-21T14:03:12","guid":{"rendered":"http:\/\/kita-gun.de\/wordpress\/?page_id=54"},"modified":"2015-08-26T12:26:40","modified_gmt":"2015-08-26T10:26:40","slug":"beitraege-2","status":"publish","type":"page","link":"https:\/\/kita-gun.de\/wordpress\/beitraege-2\/","title":{"rendered":"Beitr\u00e4ge"},"content":{"rendered":"<p>Hier erhalten Sie eine \u00dcbersicht \u00fcber unsere Beitr\u00e4g:<\/p>\n<ul>\n<li><a href=\"http:\/\/kita-gun.de\/wordpress\/?page_id=27\">Beitrag Kindergarten<\/a><\/li>\n<li><a href=\"http:\/\/kita-gun.de\/wordpress\/?page_id=57\">Beitrag Kinderkrippe<\/a><\/li>\n<\/ul>\n","protected":false},"excerpt":{"rendered":"<p>Hier erhalten Sie eine \u00dcbersicht \u00fcber unsere Beitr\u00e4g: Beitrag Kindergarten Beitrag Kinderkrippe<\/p>\n","protected":false},"author":3,"featured_media":0,"parent":0,"menu_order":0,"comment_status":"closed","ping_status":"open","template":"","meta":{"footnotes":""},"class_list":["post-54","page","type-page","status-publish","hentry"],"_links":{"self":[{"href":"https:\/\/kita-gun.de\/wordpress\/wp-json\/wp\/v2\/pages\/54","targetHints":{"allow":["GET"]}}],"collection":[{"href":"https:\/\/kita-gun.de\/wordpress\/wp-json\/wp\/v2\/pages"}],"about":[{"href":"https:\/\/kita-gun.de\/wordpress\/wp-json\/wp\/v2\/types\/page"}],"author":[{"embeddable":true,"href":"https:\/\/kita-gun.de\/wordpress\/wp-json\/wp\/v2\/users\/3"}],"replies":[{"embeddable":true,"href":"https:\/\/kita-gun.de\/wordpress\/wp-json\/wp\/v2\/comments?post=54"}],"version-history":[{"count":3,"href":"https:\/\/kita-gun.de\/wordpress\/wp-json\/wp\/v2\/pages\/54\/revisions"}],"predecessor-version":[{"id":382,"href":"https:\/\/kita-gun.de\/wordpress\/wp-json\/wp\/v2\/pages\/54\/revisions\/382"}],"wp:attachment":[{"href":"https:\/\/kita-gun.de\/wordpress\/wp-json\/wp\/v2\/media?parent=54"}],"curies":[{"name":"wp","href":"https:\/\/api.w.org\/{rel}","templated":true}]}}