{"id":32,"date":"2015-05-21T15:31:41","date_gmt":"2015-05-21T13:31:41","guid":{"rendered":"http:\/\/kita-gun.de\/wordpress\/?page_id=32"},"modified":"2025-10-17T13:39:13","modified_gmt":"2025-10-17T11:39:13","slug":"beitraege","status":"publish","type":"page","link":"https:\/\/kita-gun.de\/wordpress\/beitraege\/","title":{"rendered":"Kindergarten Beitr\u00e4ge (Stand: Okt. 2025)"},"content":{"rendered":"\n<figure class=\"wp-block-table\"><table><tbody><tr><td>Beitrag &nbsp;<\/td><td>4 Std. t\u00e4glich <em>(nur f\u00fcr SVE-Kinder m\u00f6glich)<\/em> <em>&nbsp;<\/em><\/td><td>137,00 \u20ac<\/td><td>Einzugsverfahren<\/td><td>monatlich<\/td><\/tr><tr><td><strong>Kernzeit<\/strong> <br><strong>(8:00 &#8211; 13:00Uhr)<\/strong><\/td><td>bis zu 5 Std. t\u00e4glich<\/td><td>152,00 \u20ac<\/td><td>Einzugsverfahren<\/td><td>monatlich<\/td><\/tr><tr><td>&nbsp;<\/td><td>bis zu 6 Std. t\u00e4glich<\/td><td>167,00 \u20ac<\/td><td>Einzugsverfahren<\/td><td>monatlich<\/td><\/tr><tr><td>&nbsp;<\/td><td>bis zu 7 Std. t\u00e4glich<\/td><td>182,00 \u20ac<\/td><td>Einzugsverfahren<\/td><td>monatlich<\/td><\/tr><tr><td>&nbsp;<\/td><td>bis zu 8 Std. t\u00e4glich<\/td><td>197,00 \u20ac<\/td><td>Einzugsverfahren<\/td><td>monatlich<\/td><\/tr><tr><td>&nbsp;<\/td><td>bis zu 9Std. t\u00e4glich<\/td><td>212,00 \u20ac<\/td><td>Einzugsverfahren<\/td><td>monatlich<\/td><\/tr><tr><td>&nbsp; &nbsp;<\/td><td>bis zu 10 Std. t\u00e4glich &nbsp;<\/td><td>227,00 \u20ac<\/td><td>Einzugsverfahren<\/td><td>monatlich<\/td><\/tr><tr><td>Warmes Mittagessen<\/td><td>pro angemeldetes Essen<\/td><td>3,90<\/td><td>Wird direkt bei Kikom Pay bezahlt<\/td><td>&nbsp;<\/td><\/tr><\/tbody><\/table><\/figure>\n","protected":false},"excerpt":{"rendered":"<p>Beitrag &nbsp; 4 Std. t\u00e4glich (nur f\u00fcr SVE-Kinder m\u00f6glich) &nbsp; 137,00 \u20ac Einzugsverfahren monatlich Kernzeit (8:00 &#8211; 13:00Uhr) bis zu 5 Std. t\u00e4glich 152,00 \u20ac Einzugsverfahren monatlich &nbsp; bis zu 6 Std. t\u00e4glich 167,00 \u20ac Einzugsverfahren monatlich &nbsp; bis zu 7 Std. t\u00e4glich 182,00 \u20ac Einzugsverfahren monatlich &nbsp; bis zu 8 Std. t\u00e4glich 197,00 \u20ac [&hellip;]<\/p>\n","protected":false},"author":3,"featured_media":0,"parent":0,"menu_order":0,"comment_status":"closed","ping_status":"closed","template":"","meta":{"footnotes":""},"class_list":["post-32","page","type-page","status-publish","hentry"],"_links":{"self":[{"href":"https:\/\/kita-gun.de\/wordpress\/wp-json\/wp\/v2\/pages\/32","targetHints":{"allow":["GET"]}}],"collection":[{"href":"https:\/\/kita-gun.de\/wordpress\/wp-json\/wp\/v2\/pages"}],"about":[{"href":"https:\/\/kita-gun.de\/wordpress\/wp-json\/wp\/v2\/types\/page"}],"author":[{"embeddable":true,"href":"https:\/\/kita-gun.de\/wordpress\/wp-json\/wp\/v2\/users\/3"}],"replies":[{"embeddable":true,"href":"https:\/\/kita-gun.de\/wordpress\/wp-json\/wp\/v2\/comments?post=32"}],"version-history":[{"count":22,"href":"https:\/\/kita-gun.de\/wordpress\/wp-json\/wp\/v2\/pages\/32\/revisions"}],"predecessor-version":[{"id":580,"href":"https:\/\/kita-gun.de\/wordpress\/wp-json\/wp\/v2\/pages\/32\/revisions\/580"}],"wp:attachment":[{"href":"https:\/\/kita-gun.de\/wordpress\/wp-json\/wp\/v2\/media?parent=32"}],"curies":[{"name":"wp","href":"https:\/\/api.w.org\/{rel}","templated":true}]}}